{"id":1018,"date":"2021-08-09T13:47:39","date_gmt":"2021-08-09T11:47:39","guid":{"rendered":"https:\/\/mv-foehren.de\/wordpress\/?page_id=1018"},"modified":"2026-03-22T19:12:51","modified_gmt":"2026-03-22T17:12:51","slug":"mitgliedschaft","status":"publish","type":"page","link":"https:\/\/mv-foehren.de\/wordpress\/?page_id=1018","title":{"rendered":"Mitgliedschaft"},"content":{"rendered":"\n<p><\/p>\n\n\n\n<p><\/p>\n\n\n\n<p>Sie m\u00f6chten dem MV F\u00f6hren beitreten, ihr Kind in einem unserer vielen Ausbildungsangebote anmelden oder den Verein in besonderem Ma\u00dfe durch den Club der 100 f\u00f6rdern?<\/p>\n\n\n\n<p>Einfach den entsprechenden QR-Code mit ihrem Smartphone oder Tablet scannen, Formular digital ausf\u00fcllen und uns per eMail zukommen lassen! Alternativ k\u00f6nnen Sie das jeweilige Formular nat\u00fcrlich auch ganz klassisch ausdrucken und uns ausgef\u00fcllt zukommen lassen.<\/p>\n\n\n\n<div class=\"wp-block-columns is-layout-flex wp-container-core-columns-is-layout-28f84493 wp-block-columns-is-layout-flex\">\n<div class=\"wp-block-column is-layout-flow wp-block-column-is-layout-flow\"><div class=\"wp-block-image\">\n<figure class=\"aligncenter size-full is-resized\"><img fetchpriority=\"high\" decoding=\"async\" width=\"274\" height=\"295\" src=\"https:\/\/mv-foehren.de\/wordpress\/wp-content\/uploads\/2026\/03\/Beitritt-MV.png\" alt=\"\" class=\"wp-image-1932\" style=\"aspect-ratio:1;width:291px;height:auto\"\/><\/figure>\n<\/div><\/div>\n\n\n\n<div class=\"wp-block-column is-layout-flow wp-block-column-is-layout-flow\"><div class=\"wp-block-image\">\n<figure class=\"aligncenter size-large\"><a href=\"https:\/\/mv-foehren.de\/wordpress\/wp-content\/uploads\/2024\/03\/beitritt-mfe.pdf\"><img decoding=\"async\" src=\"https:\/\/mv-foehren.de\/wordpress\/wp-content\/uploads\/2024\/01\/mfe.png\" alt=\"\"\/><\/a><\/figure>\n<\/div><\/div>\n\n\n\n<div class=\"wp-block-column is-layout-flow wp-block-column-is-layout-flow\"><div class=\"wp-block-image\">\n<figure class=\"aligncenter size-large\"><a href=\"https:\/\/mv-foehren.de\/wordpress\/wp-content\/uploads\/2024\/01\/beitritt-club-100.pdf\"><img decoding=\"async\" src=\"https:\/\/mv-foehren.de\/wordpress\/wp-content\/uploads\/2024\/01\/club-100.png\" alt=\"\"\/><\/a><\/figure>\n<\/div><\/div>\n<\/div>\n\n\n\n<div class=\"wp-block-columns is-layout-flex wp-container-core-columns-is-layout-28f84493 wp-block-columns-is-layout-flex\">\n<div class=\"wp-block-column is-layout-flow wp-block-column-is-layout-flow\"><div class=\"wp-block-image\">\n<figure class=\"aligncenter size-full\"><a href=\"https:\/\/mv-foehren.de\/wordpress\/wp-content\/uploads\/2024\/03\/beitritt-inaktiv.pdf\"><img decoding=\"async\" width=\"274\" height=\"295\" src=\"https:\/\/mv-foehren.de\/wordpress\/wp-content\/uploads\/2024\/03\/Inaktiv.png\" alt=\"\" class=\"wp-image-1687\"\/><\/a><\/figure>\n<\/div><\/div>\n\n\n\n<div class=\"wp-block-column is-layout-flow wp-block-column-is-layout-flow\"><div class=\"wp-block-image\">\n<figure class=\"aligncenter size-full\"><a href=\"https:\/\/mv-foehren.de\/wordpress\/wp-content\/uploads\/2024\/03\/dse.pdf\"><img decoding=\"async\" width=\"274\" height=\"295\" src=\"https:\/\/mv-foehren.de\/wordpress\/wp-content\/uploads\/2024\/03\/DSE.png\" alt=\"\" class=\"wp-image-1677\"\/><\/a><\/figure>\n<\/div><\/div>\n<\/div>\n","protected":false},"excerpt":{"rendered":"<p>Sie m\u00f6chten dem MV F\u00f6hren beitreten, ihr Kind in einem unserer vielen Ausbildungsangebote anmelden oder den Verein in besonderem Ma\u00dfe durch den Club der 100 f\u00f6rdern? Einfach den entsprechenden QR-Code mit ihrem Smartphone oder Tablet scannen, Formular digital ausf\u00fcllen und uns per eMail zukommen lassen! Alternativ k\u00f6nnen Sie das jeweilige Formular nat\u00fcrlich auch ganz klassisch ausdrucken und uns ausgef\u00fcllt zukommen lassen.<\/p>\n","protected":false},"author":17,"featured_media":0,"parent":336,"menu_order":15,"comment_status":"closed","ping_status":"closed","template":"","meta":{"footnotes":""},"class_list":["post-1018","page","type-page","status-publish","hentry"],"_links":{"self":[{"href":"https:\/\/mv-foehren.de\/wordpress\/index.php?rest_route=\/wp\/v2\/pages\/1018","targetHints":{"allow":["GET"]}}],"collection":[{"href":"https:\/\/mv-foehren.de\/wordpress\/index.php?rest_route=\/wp\/v2\/pages"}],"about":[{"href":"https:\/\/mv-foehren.de\/wordpress\/index.php?rest_route=\/wp\/v2\/types\/page"}],"author":[{"embeddable":true,"href":"https:\/\/mv-foehren.de\/wordpress\/index.php?rest_route=\/wp\/v2\/users\/17"}],"replies":[{"embeddable":true,"href":"https:\/\/mv-foehren.de\/wordpress\/index.php?rest_route=%2Fwp%2Fv2%2Fcomments&post=1018"}],"version-history":[{"count":20,"href":"https:\/\/mv-foehren.de\/wordpress\/index.php?rest_route=\/wp\/v2\/pages\/1018\/revisions"}],"predecessor-version":[{"id":1933,"href":"https:\/\/mv-foehren.de\/wordpress\/index.php?rest_route=\/wp\/v2\/pages\/1018\/revisions\/1933"}],"up":[{"embeddable":true,"href":"https:\/\/mv-foehren.de\/wordpress\/index.php?rest_route=\/wp\/v2\/pages\/336"}],"wp:attachment":[{"href":"https:\/\/mv-foehren.de\/wordpress\/index.php?rest_route=%2Fwp%2Fv2%2Fmedia&parent=1018"}],"curies":[{"name":"wp","href":"https:\/\/api.w.org\/{rel}","templated":true}]}}