{"id":269,"date":"2017-05-10T15:20:44","date_gmt":"2017-05-10T13:20:44","guid":{"rendered":"http:\/\/mv-foehren.de\/wordpress\/?page_id=269"},"modified":"2023-12-11T21:11:56","modified_gmt":"2023-12-11T19:11:56","slug":"der-vorstand","status":"publish","type":"page","link":"https:\/\/mv-foehren.de\/wordpress\/?page_id=269","title":{"rendered":"Vorstand"},"content":{"rendered":"\n<div class=\"tmm tmm_vorstand\"><div class=\"tmm_3_columns tmm_wrap tmm_theme_f\"><span class=\"tmm_two_containers_tablet\"><\/span><div class=\"tmm_container\"><div class=\"tmm_member\" style=\"border-top:#333333 solid 5px;\"><div class=\"tmm_photo tmm_pic_vorstand_0\" style=\"background: url(https:\/\/mv-foehren.de\/wordpress\/wp-content\/uploads\/2023\/12\/rene.jpeg); margin-left: auto; margin-right:auto; background-size:cover !important;\"><\/div><div class=\"tmm_textblock\"><div class=\"tmm_names\"><span class=\"tmm_fname\">Ren\u00e9<\/span> <span class=\"tmm_lname\">Kr\u00e4mer<\/span><\/div><div class=\"tmm_job\">Gesch\u00e4ftsf\u00fchrender Vorstand - Musik<\/div><div class=\"tmm_desc\" style=\"text-align:\"><ul><li>Organisation &amp; Beabrbeitung von Auftritten und Anfragen<\/li><li>Koordination der vereinsinternen Musikgruppen<\/li><li>Intern: Mappen, Programme, Kooperation mit Notenwart<\/li><\/ul><\/div><div class=\"tmm_scblock\"><\/div><\/div><\/div><div class=\"tmm_member\" style=\"border-top:#333333 solid 5px;\"><div class=\"tmm_photo tmm_pic_vorstand_1\" style=\"background: url(https:\/\/mv-foehren.de\/wordpress\/wp-content\/uploads\/2023\/12\/timo.jpeg); margin-left: auto; margin-right:auto; background-size:cover !important;\"><\/div><div class=\"tmm_textblock\"><div class=\"tmm_names\"><span class=\"tmm_fname\">Timo<\/span> <span class=\"tmm_lname\">Mattes<\/span><\/div><div class=\"tmm_job\">Gesch\u00e4ftsf\u00fchrender Vorstand - Gesch\u00e4ftsbetrieb<\/div><div class=\"tmm_desc\" style=\"text-align:\"><ul><li>Vereinssprecher und somit erste Ansprechperson<\/li><li>Mitgliederbetreuung<\/li><li>Vereinskoordination<\/li><li>Antragswesen<\/li><li>Coronabeauftragter<\/li><li>Koordination mit OG, VG, KMV, LMV<\/li><\/ul><\/div><div class=\"tmm_scblock\"><\/div><\/div><\/div><span class=\"tmm_two_containers_tablet\"><\/span><div class=\"tmm_member\" style=\"border-top:#333333 solid 5px;\"><div class=\"tmm_photo tmm_pic_vorstand_2\" style=\"background: url(https:\/\/mv-foehren.de\/wordpress\/wp-content\/uploads\/2024\/04\/Joerg-Elke.jpeg); margin-left: auto; margin-right:auto; background-size:cover !important;\"><\/div><div class=\"tmm_textblock\"><div class=\"tmm_names\"><span class=\"tmm_fname\">J\u00f6rg &amp; Elke<\/span> <span class=\"tmm_lname\">Weiland<\/span><\/div><div class=\"tmm_job\">Gesch\u00e4ftsf\u00fchrender Vorstand - Finanzen<\/div><div class=\"tmm_desc\" style=\"text-align:\"><ul><li>Koordination und Verwaltung der gesamten Vereinsfinanzen<\/li><li>Intern: Abstimmung mit den Ressorts Musik &amp; Jugend bzgl. KMS<\/li><\/ul><\/div><div class=\"tmm_scblock\"><\/div><\/div><\/div><\/div><span class=\"tmm_columns_containers_desktop\"><\/span><div class=\"tmm_container\"><div class=\"tmm_member\" style=\"border-top:#333333 solid 5px;\"><div class=\"tmm_photo tmm_pic_vorstand_3\" style=\"background: url(https:\/\/mv-foehren.de\/wordpress\/wp-content\/uploads\/2023\/12\/dani.jpeg); margin-left: auto; margin-right:auto; background-size:cover !important;\"><\/div><div class=\"tmm_textblock\"><div class=\"tmm_names\"><span class=\"tmm_fname\">Daniela<\/span> <span class=\"tmm_lname\">Konz<\/span><\/div><div class=\"tmm_job\">Ressort: \u00d6ffentlichkeitsarbeit &amp; Kommunikation<\/div><div class=\"tmm_desc\" style=\"text-align:\"><ul><li>Ansprechpartner f\u00fcr externe Anfragen<\/li><li>Ver\u00f6ffentlichung von Terminen<\/li><li>Pressearbeit<\/li><li>Intern: Protokollierung, Abstimmung mit dem Ressort Digitales<\/li><\/ul><\/div><div class=\"tmm_scblock\"><\/div><\/div><\/div><span class=\"tmm_two_containers_tablet\"><\/span><div class=\"tmm_member\" style=\"border-top:#333333 solid 5px;\"><div class=\"tmm_photo tmm_pic_vorstand_4\" style=\"background: url(https:\/\/mv-foehren.de\/wordpress\/wp-content\/uploads\/2023\/12\/matte.jpeg); margin-left: auto; margin-right:auto; background-size:cover !important;\"><\/div><div class=\"tmm_textblock\"><div class=\"tmm_names\"><span class=\"tmm_fname\">Matte<\/span> <\/div><div class=\"tmm_job\">Beisitz - \u00d6ffentlichkeitsarbeit &amp; Kommunikation<\/div><div class=\"tmm_desc\" style=\"text-align:\"><ul><li>Unters\u00fctzung des Ressorts \u00d6ffentlichkeitsarbeit &amp; Kommunikation <\/li><\/ul><\/div><div class=\"tmm_scblock\"><\/div><\/div><\/div><div class=\"tmm_member\" style=\"border-top:#333333 solid 5px;\"><div class=\"tmm_photo tmm_pic_vorstand_5\" style=\"background: url(https:\/\/mv-foehren.de\/wordpress\/wp-content\/uploads\/2023\/12\/caro.jpeg); margin-left: auto; margin-right:auto; background-size:cover !important;\"><\/div><div class=\"tmm_textblock\"><div class=\"tmm_names\"><span class=\"tmm_fname\">Caroline<\/span> <span class=\"tmm_lname\">Braun<\/span><\/div><div class=\"tmm_job\">Ressort: Social Media &amp; Digitales<\/div><div class=\"tmm_desc\" style=\"text-align:\"><ul><li>Ansprechpartnerin f\u00fcr alle digitalen Plattformen des Vereins<\/li><li>Intern: Datenschutz, DSGVO-Beauftragte<\/li><\/ul><\/div><div class=\"tmm_scblock\"><\/div><\/div><\/div><span class=\"tmm_two_containers_tablet\"><\/span><\/div><span class=\"tmm_columns_containers_desktop\"><\/span><div class=\"tmm_container\"><div class=\"tmm_member\" style=\"border-top:#333333 solid 5px;\"><div class=\"tmm_photo tmm_pic_vorstand_6\" style=\"background: url(https:\/\/mv-foehren.de\/wordpress\/wp-content\/uploads\/2023\/12\/sebastian.jpeg); margin-left: auto; margin-right:auto; background-size:cover !important;\"><\/div><div class=\"tmm_textblock\"><div class=\"tmm_names\"><span class=\"tmm_fname\">Sebastian<\/span> <span class=\"tmm_lname\">Konz<\/span><\/div><div class=\"tmm_job\">Ressort: Jugend<\/div><div class=\"tmm_desc\" style=\"text-align:\"><ul><li>Koordination aller Jugend- und Ausbildungsfragen sowie KMJ \/ LMJ<\/li><li>F\u00f6rderung KMV \/ LMV \/ LMR<\/li><li>Organisation von Jugendaktivit\u00e4ten<\/li><li>Intern: Kooperation mit den Ressorts Musik &amp; Finanzen bzgl. KMV<\/li><\/ul><\/div><div class=\"tmm_scblock\"><\/div><\/div><\/div><div class=\"tmm_member\" style=\"border-top:#333333 solid 5px;\"><div class=\"tmm_photo tmm_pic_vorstand_7\" style=\"background: url(https:\/\/mv-foehren.de\/wordpress\/wp-content\/uploads\/2023\/12\/andy.jpeg); margin-left: auto; margin-right:auto; background-size:cover !important;\"><\/div><div class=\"tmm_textblock\"><div class=\"tmm_names\"><span class=\"tmm_fname\">Andreas<\/span> <span class=\"tmm_lname\">Kuhn<\/span><\/div><div class=\"tmm_job\">Ressort: Inventar &amp; Ehrungswesen<\/div><div class=\"tmm_desc\" style=\"text-align:\"><ul><li>Verwaltung von Vereinsinventar<\/li><li>Verantwortlich f\u00fcr internes Ehrungswesen<\/li><li>Koordinator Vereinsraum &amp; Beschaffung<\/li><\/ul><\/div><div class=\"tmm_scblock\"><\/div><\/div><\/div><span class=\"tmm_two_containers_tablet\"><\/span><div class=\"tmm_member\" style=\"border-top:#333333 solid 5px;\"><div class=\"tmm_photo tmm_pic_vorstand_8\" style=\"background: url(https:\/\/mv-foehren.de\/wordpress\/wp-content\/uploads\/2024\/07\/Arno.jpg); margin-left: auto; margin-right:auto; background-size:cover !important;\"><\/div><div class=\"tmm_textblock\"><div class=\"tmm_names\"><span class=\"tmm_fname\">Arno<\/span> <span class=\"tmm_lname\">Ternes<\/span><\/div><div class=\"tmm_job\">Ressort: Vereinsverwaltung<\/div><div class=\"tmm_desc\" style=\"text-align:\"><ul><li>Koordination vereinsinterner Belange<\/li><li>Inventarisierung Vereinskleidung<\/li><\/ul><\/div><div class=\"tmm_scblock\"><\/div><\/div><\/div><div style=\"clear:both;\"><\/div><\/div><\/div><\/div>\n","protected":false},"excerpt":{"rendered":"","protected":false},"author":2,"featured_media":0,"parent":336,"menu_order":14,"comment_status":"closed","ping_status":"closed","template":"","meta":{"footnotes":""},"class_list":["post-269","page","type-page","status-publish","hentry"],"_links":{"self":[{"href":"https:\/\/mv-foehren.de\/wordpress\/index.php?rest_route=\/wp\/v2\/pages\/269","targetHints":{"allow":["GET"]}}],"collection":[{"href":"https:\/\/mv-foehren.de\/wordpress\/index.php?rest_route=\/wp\/v2\/pages"}],"about":[{"href":"https:\/\/mv-foehren.de\/wordpress\/index.php?rest_route=\/wp\/v2\/types\/page"}],"author":[{"embeddable":true,"href":"https:\/\/mv-foehren.de\/wordpress\/index.php?rest_route=\/wp\/v2\/users\/2"}],"replies":[{"embeddable":true,"href":"https:\/\/mv-foehren.de\/wordpress\/index.php?rest_route=%2Fwp%2Fv2%2Fcomments&post=269"}],"version-history":[{"count":25,"href":"https:\/\/mv-foehren.de\/wordpress\/index.php?rest_route=\/wp\/v2\/pages\/269\/revisions"}],"predecessor-version":[{"id":1551,"href":"https:\/\/mv-foehren.de\/wordpress\/index.php?rest_route=\/wp\/v2\/pages\/269\/revisions\/1551"}],"up":[{"embeddable":true,"href":"https:\/\/mv-foehren.de\/wordpress\/index.php?rest_route=\/wp\/v2\/pages\/336"}],"wp:attachment":[{"href":"https:\/\/mv-foehren.de\/wordpress\/index.php?rest_route=%2Fwp%2Fv2%2Fmedia&parent=269"}],"curies":[{"name":"wp","href":"https:\/\/api.w.org\/{rel}","templated":true}]}}