{"id":275,"date":"2017-05-10T15:31:27","date_gmt":"2017-05-10T13:31:27","guid":{"rendered":"http:\/\/mv-foehren.de\/wordpress\/?page_id=275"},"modified":"2024-02-02T19:35:09","modified_gmt":"2024-02-02T17:35:09","slug":"mini-orchester","status":"publish","type":"page","link":"https:\/\/mv-foehren.de\/wordpress\/?page_id=275","title":{"rendered":"Miniorchester"},"content":{"rendered":"<p>Das Miniorchester bildet den ersten orchestralen Baustein unserer Jugendarbeit. Hier musizieren Kinder und Jugendliche nach den ersten Grundt\u00f6nen das erste Mal gemeinsam. Sie lernen in einer Gruppe zu spielen und sich auf Rhythmen und Kl\u00e4nge anderer Instrumente einzustellen. So k\u00f6nnen sie erste Erfahrungen im Orchesterspiel, B\u00fchnen- und Dirigiererfahrung sammeln.<\/p>\n<p><strong>Probe<\/strong>: mittwochs, 17:45 Uhr bis 18:30 Uhr im B\u00fcrger- und Vereinsheim<\/p>\n<p><strong>Musikalische Leitung:<br \/>\n<\/strong><\/p>\n","protected":false},"excerpt":{"rendered":"<p>Das Miniorchester bildet den ersten orchestralen Baustein unserer Jugendarbeit. Hier musizieren Kinder und Jugendliche nach den ersten Grundt\u00f6nen das erste Mal gemeinsam. Sie lernen in einer Gruppe zu spielen und sich auf Rhythmen und Kl\u00e4nge anderer Instrumente einzustellen. So k\u00f6nnen sie erste Erfahrungen im Orchesterspiel, B\u00fchnen- und Dirigiererfahrung sammeln. Probe: mittwochs, 17:45 Uhr bis 18:30 Uhr im B\u00fcrger- und Vereinsheim Musikalische Leitung:<\/p>\n","protected":false},"author":2,"featured_media":0,"parent":4,"menu_order":5,"comment_status":"closed","ping_status":"closed","template":"","meta":{"footnotes":""},"class_list":["post-275","page","type-page","status-publish","hentry"],"_links":{"self":[{"href":"https:\/\/mv-foehren.de\/wordpress\/index.php?rest_route=\/wp\/v2\/pages\/275","targetHints":{"allow":["GET"]}}],"collection":[{"href":"https:\/\/mv-foehren.de\/wordpress\/index.php?rest_route=\/wp\/v2\/pages"}],"about":[{"href":"https:\/\/mv-foehren.de\/wordpress\/index.php?rest_route=\/wp\/v2\/types\/page"}],"author":[{"embeddable":true,"href":"https:\/\/mv-foehren.de\/wordpress\/index.php?rest_route=\/wp\/v2\/users\/2"}],"replies":[{"embeddable":true,"href":"https:\/\/mv-foehren.de\/wordpress\/index.php?rest_route=%2Fwp%2Fv2%2Fcomments&post=275"}],"version-history":[{"count":14,"href":"https:\/\/mv-foehren.de\/wordpress\/index.php?rest_route=\/wp\/v2\/pages\/275\/revisions"}],"predecessor-version":[{"id":1610,"href":"https:\/\/mv-foehren.de\/wordpress\/index.php?rest_route=\/wp\/v2\/pages\/275\/revisions\/1610"}],"up":[{"embeddable":true,"href":"https:\/\/mv-foehren.de\/wordpress\/index.php?rest_route=\/wp\/v2\/pages\/4"}],"wp:attachment":[{"href":"https:\/\/mv-foehren.de\/wordpress\/index.php?rest_route=%2Fwp%2Fv2%2Fmedia&parent=275"}],"curies":[{"name":"wp","href":"https:\/\/api.w.org\/{rel}","templated":true}]}}