{"id":39,"date":"2014-05-14T18:01:27","date_gmt":"2014-05-14T16:01:27","guid":{"rendered":"http:\/\/mv-foehren.de\/wordpress\/?page_id=39"},"modified":"2024-02-18T19:53:22","modified_gmt":"2024-02-18T17:53:22","slug":"kontakt","status":"publish","type":"page","link":"https:\/\/mv-foehren.de\/wordpress\/?page_id=39","title":{"rendered":"Jugendvertreter"},"content":{"rendered":"\n<p><strong>Sebastian Konz<\/strong> ist der Jugendvertreter unseres Vereins und k\u00fcmmert sich um alle Belange rund um die Jugendarbeit und Ausbildung. Er ist ein wichtiger Ansprechpartner f\u00fcr alle Jugendlichen und stehen mit Rat und Tat zur Seite. Dabei setzt ersich aktiv f\u00fcr die Interessen der jungen Musikerinnen und Musiker ein und tr\u00e4gt dazu bei, dass der Verein f\u00fcr Jugendliche ein attraktives Angebot bietet.<\/p>\n\n\n\n<div class=\"tmm tmm_jugendvertreter\"><div class=\"tmm_3_columns tmm_wrap tmm_plugin_f\"><span class=\"tmm_two_containers_tablet\"><\/span><div class=\"tmm_container\"><div class=\"tmm_member\" style=\"border-top:#333333 solid 5px;\"><div class=\"tmm_photo tmm_pic_jugendvertreter_0\" style=\"background: url(https:\/\/mv-foehren.de\/wordpress\/wp-content\/uploads\/2023\/12\/sebastian.jpeg); margin-left: auto; margin-right:auto; background-size:cover !important;\"><\/div><div class=\"tmm_textblock\"><div class=\"tmm_names\"><span class=\"tmm_fname\">Sebastian<\/span> <span class=\"tmm_lname\">Konz<\/span><\/div><div class=\"tmm_scblock\"><\/div><\/div><\/div><div style=\"clear:both;\"><\/div><\/div><\/div><\/div>\n\n\n\n<p><strong>Sebastian Konz <\/strong><br><br>Mail: jugendvertreter@mv-foehren.de<\/p>\n\n\n\n<p>Als Jugendvertreter organisiert er mit dem Jugend-Orga-Team und dem Vorstand als Verst\u00e4rkung gemeinsam verschiedene Aktivit\u00e4ten und Veranstaltungen, die auf die Bed\u00fcrfnisse und W\u00fcnsche der Jugendlichen zugeschnitten sind. Hierzu z\u00e4hlen beispielsweise gemeinsame Ausfl\u00fcge oder auch Workshops zu verschiedenen Themen. <\/p>\n\n\n\n<p><\/p>\n\n\n\n<p><\/p>\n\n\n\n<p><\/p>\n","protected":false},"excerpt":{"rendered":"<p>Sebastian Konz ist der Jugendvertreter unseres Vereins und k\u00fcmmert sich um alle Belange rund um die Jugendarbeit und Ausbildung. Er ist ein wichtiger Ansprechpartner f\u00fcr alle Jugendlichen und stehen mit Rat und Tat zur Seite. Dabei setzt ersich aktiv f\u00fcr die Interessen der jungen Musikerinnen und Musiker ein und tr\u00e4gt dazu bei, dass der Verein f\u00fcr Jugendliche ein attraktives Angebot bietet. Sebastian Konz Mail: jugendvertreter@mv-foehren.de Als Jugendvertreter organisiert er mit dem Jugend-Orga-Team und dem Vorstand als Verst\u00e4rkung gemeinsam verschiedene Aktivit\u00e4ten und Veranstaltungen, die auf die Bed\u00fcrfnisse und W\u00fcnsche der Jugendlichen zugeschnitten sind. Hierzu z\u00e4hlen beispielsweise gemeinsame Ausfl\u00fcge oder auch Workshops zu verschiedenen Themen.<\/p>\n","protected":false},"author":1,"featured_media":0,"parent":676,"menu_order":11,"comment_status":"closed","ping_status":"closed","template":"","meta":{"footnotes":""},"class_list":["post-39","page","type-page","status-publish","hentry"],"_links":{"self":[{"href":"https:\/\/mv-foehren.de\/wordpress\/index.php?rest_route=\/wp\/v2\/pages\/39","targetHints":{"allow":["GET"]}}],"collection":[{"href":"https:\/\/mv-foehren.de\/wordpress\/index.php?rest_route=\/wp\/v2\/pages"}],"about":[{"href":"https:\/\/mv-foehren.de\/wordpress\/index.php?rest_route=\/wp\/v2\/types\/page"}],"author":[{"embeddable":true,"href":"https:\/\/mv-foehren.de\/wordpress\/index.php?rest_route=\/wp\/v2\/users\/1"}],"replies":[{"embeddable":true,"href":"https:\/\/mv-foehren.de\/wordpress\/index.php?rest_route=%2Fwp%2Fv2%2Fcomments&post=39"}],"version-history":[{"count":11,"href":"https:\/\/mv-foehren.de\/wordpress\/index.php?rest_route=\/wp\/v2\/pages\/39\/revisions"}],"predecessor-version":[{"id":1645,"href":"https:\/\/mv-foehren.de\/wordpress\/index.php?rest_route=\/wp\/v2\/pages\/39\/revisions\/1645"}],"up":[{"embeddable":true,"href":"https:\/\/mv-foehren.de\/wordpress\/index.php?rest_route=\/wp\/v2\/pages\/676"}],"wp:attachment":[{"href":"https:\/\/mv-foehren.de\/wordpress\/index.php?rest_route=%2Fwp%2Fv2%2Fmedia&parent=39"}],"curies":[{"name":"wp","href":"https:\/\/api.w.org\/{rel}","templated":true}]}}