{"id":4,"date":"2014-05-14T16:59:04","date_gmt":"2014-05-14T14:59:04","guid":{"rendered":"http:\/\/mv-foehren.de\/wordpress\/?page_id=4"},"modified":"2024-02-27T11:13:23","modified_gmt":"2024-02-27T09:13:23","slug":"das-sind-wir","status":"publish","type":"page","link":"https:\/\/mv-foehren.de\/wordpress\/?page_id=4","title":{"rendered":"Das sind wir"},"content":{"rendered":"<div class=\"wp-block-image is-resized is-style-default\">\n<figure class=\"aligncenter size-large\"><a href=\"https:\/\/mv-foehren.de\/wordpress\/wp-content\/uploads\/2022\/10\/HO.jpeg\"><img fetchpriority=\"high\" decoding=\"async\" width=\"1024\" height=\"683\" src=\"https:\/\/mv-foehren.de\/wordpress\/wp-content\/uploads\/2022\/10\/HO-1024x683.jpeg\" alt=\"\" class=\"wp-image-1215\" srcset=\"https:\/\/mv-foehren.de\/wordpress\/wp-content\/uploads\/2022\/10\/HO-1024x683.jpeg 1024w, https:\/\/mv-foehren.de\/wordpress\/wp-content\/uploads\/2022\/10\/HO-300x200.jpeg 300w, https:\/\/mv-foehren.de\/wordpress\/wp-content\/uploads\/2022\/10\/HO-768x512.jpeg 768w, https:\/\/mv-foehren.de\/wordpress\/wp-content\/uploads\/2022\/10\/HO-1536x1024.jpeg 1536w, https:\/\/mv-foehren.de\/wordpress\/wp-content\/uploads\/2022\/10\/HO-1140x760.jpeg 1140w, https:\/\/mv-foehren.de\/wordpress\/wp-content\/uploads\/2022\/10\/HO.jpeg 1920w\" sizes=\"(max-width: 1024px) 100vw, 1024px\" \/><\/a><figcaption class=\"wp-element-caption\">Das Hauptorchester des MV F\u00f6hren bei den Schlossakkorden 2022<\/figcaption><\/figure>\n<\/div>\n\n<p style=\"text-align: left;\">Der Musikverein F\u00f6hren wurde offiziell im Jahr 1955 gegr\u00fcndet,\u00a0 nachdem sich bereits einige Jahre zuvor mehrere Musiker als Feuerwehrkapelle zusammengeschlossen hatten. \u00dcber viele Jahre wuchs und entwickelte sich der Verein, so u.a. 25 Jahre unter der Leitung von Herrn Albert Jakobs. Dieser \u00fcbergab 1987 die musikalische Leitung an den damaligen Landesmusikdirektor von Rheinland-Pfalz, Herrn Hans-Albert Schwarz, der mit viel organisatorischem Geschick, musikalischen Ambitionen und einem Gesp\u00fcr f\u00fcr die &#8222;richtige Richtung&#8220; den Verein weiter formte. H\u00f6hepunkt unter seiner Leitung waren sicherlich die Teilnahme am Europ\u00e4ischen Musikfest 1993 in Trier und die Konzertreise nach Litauen im Jahr 1994.<\/p>\n<p>Es folgten weitere Jahre unter dem Dirigat von Herrn Thomas Follmann, ehe sich der Verein 1998 die Dienste des Posaunisten und Dirigenten Jochen Hofer sicherte. Unter ihm wurde die strukturierte Jugendarbeit weiter ausgebaut, sowie die Etablierung des Orchesters in der Oberstufe erreicht. Unter seiner Leitung sind vor allem die gro\u00dfen Erfolge bei verschiedenen Wertungsspielen in den Jahren 2000, 2004, 2008, 2009 und 2012 in Rheinland-Pfalz und dem Saarland zu nennen, die alle im Grad 4 bestritten wurden und die mit den Pr\u00e4dikaten &#8222;gut, &#8222;sehr gut&#8220;, &#8222;mit Auszeichnung&#8220; sowie &#8222;mit hervorragendem Erfolg&#8220; abgeschlossen wurden.<\/p>\n<p>Die Zusammenarbeit mit Jochen Hofer endete nach 20 Jahren im Jahr 2018\u00a0 und seinen Posten \u00fcbernahm im Februar 2019 Herr Walter Eich aus Ulmen in der Eifel. Mit ihm haben wurde der erfolgreiche musikalischen Weg fort-gef\u00fchrt. Leider hat Walter Eich nach knapp einem Jahr aus gesundheit-lichen Gr\u00fcnden seinen Posten als Dirigent wieder abgeben m\u00fcssen &#8211; der Dirigierstab liegt nun seit Februar 2020 in den H\u00e4nden von Mike Neuner aus Newel-Kreuzerberg.<\/p>\n<p>Neben dem Hauptorchester gliedert sich der Verein in drei weitere Orchester, welche den jeweiligen Ausbildungsstand der einzelnen Musikerinnen und Musiker entsprechend unterst\u00fctzen und f\u00f6rdern. Neben dem Vororchester, welches den Kindern w\u00e4hrend ihrer Instrumental-ausbildung ein erstes Gef\u00fchl von Zusammenspiel aufzeigt, dient das Miniorchester zur Heranf\u00fchrung der Kinder und Jugendlichen ins orchestrale Zusammenspiel. Das Jugendorchester, in dem die jungen Musikerinnen und Musiker ihre Erfahrungen \u00fcber die Vielsieitgkeit eines Blasorchesters weiter entickeln dient fernerhin als Sprungbrett ins Hauptorchester.<\/p>\n<p>Die <a href=\"http:\/\/mv-foehren.de\/cms\/pages\/jugendarbeit\/ausbildung.php\">Ausbildung<\/a> der Kinder und Jugendlichen erfolgt in mehreren Schritten und wird in Zusammenarbeit mit der Kreismusikschule Trier-Saarburg durchgef\u00fchrt.<\/p>\n<p>Der Musikverein F\u00f6hren hat auch einen F\u00f6rderverein, \u00fcber den man sich <a title=\"F\u00f6rderverein\" href=\"http:\/\/mv-foehren.de\/wordpress\/?page_id=52\">hier<\/a> informieren kann. Die Beitrittserkl\u00e4rung zum Verein ist <a href=\"http:\/\/mv-foehren.de\/wordpress\/wp-content\/uploads\/2019\/02\/MVFoehren_Beitrittserklaerung.pdf\">hier<\/a> zu finden.<\/p>\n\n\n\n","protected":false},"excerpt":{"rendered":"<p>Der Musikverein F\u00f6hren wurde offiziell im Jahr 1955 gegr\u00fcndet,\u00a0 nachdem sich bereits einige Jahre zuvor mehrere Musiker als Feuerwehrkapelle zusammengeschlossen hatten. \u00dcber viele Jahre wuchs und entwickelte sich der Verein, so u.a. 25 Jahre unter der Leitung von Herrn Albert Jakobs. Dieser \u00fcbergab 1987 die musikalische Leitung an den damaligen Landesmusikdirektor von Rheinland-Pfalz, Herrn Hans-Albert Schwarz, der mit viel organisatorischem Geschick, musikalischen Ambitionen und einem Gesp\u00fcr f\u00fcr die &#8222;richtige Richtung&#8220; den Verein weiter formte. H\u00f6hepunkt unter seiner Leitung waren sicherlich die Teilnahme am Europ\u00e4ischen Musikfest 1993 in Trier und die Konzertreise nach Litauen im Jahr 1994. Es folgten weitere Jahre unter dem Dirigat von Herrn Thomas Follmann, ehe sich der Verein 1998 die Dienste des Posaunisten und Dirigenten Jochen Hofer sicherte. Unter ihm wurde die strukturierte Jugendarbeit weiter ausgebaut, sowie die Etablierung des Orchesters in der Oberstufe erreicht. Unter seiner Leitung sind vor allem die gro\u00dfen Erfolge bei verschiedenen Wertungsspielen in den Jahren 2000, 2004, 2008, 2009 und 2012 in Rheinland-Pfalz und dem Saarland zu nennen, die alle im Grad 4 bestritten wurden und die mit den Pr\u00e4dikaten &#8222;gut, &#8222;sehr gut&#8220;, &#8222;mit Auszeichnung&#8220; sowie &#8222;mit hervorragendem Erfolg&#8220; abgeschlossen wurden. Die Zusammenarbeit mit Jochen Hofer endete nach 20 Jahren im Jahr 2018\u00a0 und seinen Posten \u00fcbernahm im Februar 2019 Herr Walter Eich aus Ulmen in der Eifel. Mit ihm haben wurde der erfolgreiche musikalischen Weg fort-gef\u00fchrt. Leider hat Walter Eich nach knapp einem Jahr aus gesundheit-lichen Gr\u00fcnden seinen Posten als Dirigent wieder abgeben m\u00fcssen &#8211; der Dirigierstab liegt nun seit Februar 2020 in den H\u00e4nden von Mike Neuner aus Newel-Kreuzerberg. Neben dem Hauptorchester gliedert sich der Verein in drei weitere Orchester, welche den jeweiligen Ausbildungsstand der einzelnen Musikerinnen und Musiker entsprechend unterst\u00fctzen und f\u00f6rdern. Neben dem Vororchester, welches den Kindern w\u00e4hrend ihrer Instrumental-ausbildung ein erstes Gef\u00fchl von Zusammenspiel aufzeigt, dient das Miniorchester zur Heranf\u00fchrung der Kinder und Jugendlichen ins orchestrale Zusammenspiel. Das Jugendorchester, in dem die jungen Musikerinnen und Musiker ihre Erfahrungen \u00fcber die Vielsieitgkeit eines Blasorchesters weiter entickeln dient fernerhin als Sprungbrett ins Hauptorchester. Die Ausbildung der Kinder und Jugendlichen erfolgt in mehreren Schritten und wird in Zusammenarbeit mit der Kreismusikschule Trier-Saarburg durchgef\u00fchrt. Der Musikverein F\u00f6hren hat auch einen F\u00f6rderverein, \u00fcber den man sich hier informieren kann. Die Beitrittserkl\u00e4rung zum Verein ist hier zu finden.<\/p>\n","protected":false},"author":1,"featured_media":0,"parent":0,"menu_order":0,"comment_status":"open","ping_status":"closed","template":"","meta":{"footnotes":""},"class_list":["post-4","page","type-page","status-publish","hentry"],"_links":{"self":[{"href":"https:\/\/mv-foehren.de\/wordpress\/index.php?rest_route=\/wp\/v2\/pages\/4","targetHints":{"allow":["GET"]}}],"collection":[{"href":"https:\/\/mv-foehren.de\/wordpress\/index.php?rest_route=\/wp\/v2\/pages"}],"about":[{"href":"https:\/\/mv-foehren.de\/wordpress\/index.php?rest_route=\/wp\/v2\/types\/page"}],"author":[{"embeddable":true,"href":"https:\/\/mv-foehren.de\/wordpress\/index.php?rest_route=\/wp\/v2\/users\/1"}],"replies":[{"embeddable":true,"href":"https:\/\/mv-foehren.de\/wordpress\/index.php?rest_route=%2Fwp%2Fv2%2Fcomments&post=4"}],"version-history":[{"count":16,"href":"https:\/\/mv-foehren.de\/wordpress\/index.php?rest_route=\/wp\/v2\/pages\/4\/revisions"}],"predecessor-version":[{"id":1664,"href":"https:\/\/mv-foehren.de\/wordpress\/index.php?rest_route=\/wp\/v2\/pages\/4\/revisions\/1664"}],"wp:attachment":[{"href":"https:\/\/mv-foehren.de\/wordpress\/index.php?rest_route=%2Fwp%2Fv2%2Fmedia&parent=4"}],"curies":[{"name":"wp","href":"https:\/\/api.w.org\/{rel}","templated":true}]}}