{"id":45,"date":"2014-05-14T18:25:13","date_gmt":"2014-05-14T16:25:13","guid":{"rendered":"http:\/\/mv-foehren.de\/wordpress\/?page_id=45"},"modified":"2024-10-24T15:56:16","modified_gmt":"2024-10-24T13:56:16","slug":"impressum","status":"publish","type":"page","link":"https:\/\/mv-foehren.de\/wordpress\/?page_id=45","title":{"rendered":"Impressum"},"content":{"rendered":"<p><strong>Musikverein \u201cMeulenwald\u201d F\u00f6hren 1955 e.V.<\/strong><br \/>\nGesch\u00e4ftsstelle<br \/>\nM\u00fcllenburg 34<br \/>\n54343 F\u00f6hren<\/p>\n<ul>\n<li><strong>Vorstand Gesch\u00e4ftsbetrieb<\/strong>: Timo Mattes<\/li>\n<li><strong>Vorstand Musik<\/strong>: Ren\u00e9 Kr\u00e4mer<\/li>\n<li><strong>Vorstand Finanzen<\/strong>: Elke und J\u00f6rg Weiland<\/li>\n<\/ul>\n<p>E-Mail: mv@mv-foehren.de<br \/>\n<b><br \/>\n<\/b><\/p>\n<p>Amtsgericht Wittlich VR 1155<\/p>\n","protected":false},"excerpt":{"rendered":"<p>Musikverein \u201cMeulenwald\u201d F\u00f6hren 1955 e.V. Gesch\u00e4ftsstelle M\u00fcllenburg 34 54343 F\u00f6hren Vorstand Gesch\u00e4ftsbetrieb: Timo Mattes Vorstand Musik: Ren\u00e9 Kr\u00e4mer Vorstand Finanzen: Elke und J\u00f6rg Weiland E-Mail: mv@mv-foehren.de Amtsgericht Wittlich VR 1155<\/p>\n","protected":false},"author":1,"featured_media":0,"parent":0,"menu_order":30,"comment_status":"closed","ping_status":"closed","template":"","meta":{"footnotes":""},"class_list":["post-45","page","type-page","status-publish","hentry"],"_links":{"self":[{"href":"https:\/\/mv-foehren.de\/wordpress\/index.php?rest_route=\/wp\/v2\/pages\/45","targetHints":{"allow":["GET"]}}],"collection":[{"href":"https:\/\/mv-foehren.de\/wordpress\/index.php?rest_route=\/wp\/v2\/pages"}],"about":[{"href":"https:\/\/mv-foehren.de\/wordpress\/index.php?rest_route=\/wp\/v2\/types\/page"}],"author":[{"embeddable":true,"href":"https:\/\/mv-foehren.de\/wordpress\/index.php?rest_route=\/wp\/v2\/users\/1"}],"replies":[{"embeddable":true,"href":"https:\/\/mv-foehren.de\/wordpress\/index.php?rest_route=%2Fwp%2Fv2%2Fcomments&post=45"}],"version-history":[{"count":6,"href":"https:\/\/mv-foehren.de\/wordpress\/index.php?rest_route=\/wp\/v2\/pages\/45\/revisions"}],"predecessor-version":[{"id":1804,"href":"https:\/\/mv-foehren.de\/wordpress\/index.php?rest_route=\/wp\/v2\/pages\/45\/revisions\/1804"}],"wp:attachment":[{"href":"https:\/\/mv-foehren.de\/wordpress\/index.php?rest_route=%2Fwp%2Fv2%2Fmedia&parent=45"}],"curies":[{"name":"wp","href":"https:\/\/api.w.org\/{rel}","templated":true}]}}