{"id":47,"date":"2014-05-14T18:29:10","date_gmt":"2014-05-14T16:29:10","guid":{"rendered":"http:\/\/mv-foehren.de\/wordpress\/?page_id=47"},"modified":"2024-02-18T13:58:50","modified_gmt":"2024-02-18T11:58:50","slug":"das-orchester","status":"publish","type":"page","link":"https:\/\/mv-foehren.de\/wordpress\/?page_id=47","title":{"rendered":"Hauptorchester"},"content":{"rendered":"<p>Der Musikverein F\u00f6hren ist ein Blasorchester, welches seit 1955 als eingetragener Verein besteht. Nach vielen Jahren des Aufbaus begann der Verein Ende der 80er Jahre damit, durch strukturierte Jugendarbeit und unter der musikalischen Leitung verschiedener Musikp\u00e4dagogen seinen Weg in die Oberstufe zu bestreiten. Der Verein sieht die sinfonische Blasmusik als Fokus seiner Arbeit und hat in diesem Bereich neben vielen Konzerten auch schon gro\u00dfe Erfolge bei verschiedenen Wertungsspielen, die alle im Grad 4 bestritten wurden, in den Jahren 2000, 2004, 2008 und 2009 in Rheinland-Pfalz und dem Saarland feiern k\u00f6nnen. Seit 2010 veranstalten wir jeden Sommer unser Open-Air Konzert &#8222;Schlossakkorde&#8220; auf Schloss F\u00f6hren. Die musikalische Leitung obliegt seit 2020 Mike Neuner aus Newel-Kreuzerberg.<\/p>\n<p style=\"text-align: left;\">\n\n<div class=\"wp-block-image\">\n<figure class=\"aligncenter size-large\"><a href=\"https:\/\/mv-foehren.de\/wordpress\/wp-content\/uploads\/2024\/02\/slider-schlossakkorde-23-3.png\"><img fetchpriority=\"high\" decoding=\"async\" width=\"1024\" height=\"512\" src=\"https:\/\/mv-foehren.de\/wordpress\/wp-content\/uploads\/2024\/02\/slider-schlossakkorde-23-3-1024x512.png\" alt=\"\" class=\"wp-image-1625\" srcset=\"https:\/\/mv-foehren.de\/wordpress\/wp-content\/uploads\/2024\/02\/slider-schlossakkorde-23-3-1024x512.png 1024w, https:\/\/mv-foehren.de\/wordpress\/wp-content\/uploads\/2024\/02\/slider-schlossakkorde-23-3-300x150.png 300w, https:\/\/mv-foehren.de\/wordpress\/wp-content\/uploads\/2024\/02\/slider-schlossakkorde-23-3-768x384.png 768w, https:\/\/mv-foehren.de\/wordpress\/wp-content\/uploads\/2024\/02\/slider-schlossakkorde-23-3-1080x540.png 1080w, https:\/\/mv-foehren.de\/wordpress\/wp-content\/uploads\/2024\/02\/slider-schlossakkorde-23-3.png 1083w\" sizes=\"(max-width: 1024px) 100vw, 1024px\" \/><\/a><figcaption class=\"wp-element-caption\">Alle Orchester des Musikvereins beim Schlossakkorde Konzert 2023<\/figcaption><\/figure>\n<\/div>\n\n<p>Neben dem konzertanten Bereich bestreitet der Musikverein F\u00f6hren seine Auftritte und Konzerte im Unterhaltungsbereich sowie als Begleiter vielerlei Veranstaltungen der Gemeinde F\u00f6hren als auch der Pfarrei St. Bartholom\u00e4us F\u00f6hren.<\/p>","protected":false},"excerpt":{"rendered":"<p>Der Musikverein F\u00f6hren ist ein Blasorchester, welches seit 1955 als eingetragener Verein besteht. Nach vielen Jahren des Aufbaus begann der Verein Ende der 80er Jahre damit, durch strukturierte Jugendarbeit und unter der musikalischen Leitung verschiedener Musikp\u00e4dagogen seinen Weg in die Oberstufe zu bestreiten. Der Verein sieht die sinfonische Blasmusik als Fokus seiner Arbeit und hat in diesem Bereich neben vielen Konzerten auch schon gro\u00dfe Erfolge bei verschiedenen Wertungsspielen, die alle im Grad 4 bestritten wurden, in den Jahren 2000, 2004, 2008 und 2009 in Rheinland-Pfalz und dem Saarland feiern k\u00f6nnen. Seit 2010 veranstalten wir jeden Sommer unser Open-Air Konzert &#8222;Schlossakkorde&#8220; auf Schloss F\u00f6hren. Die musikalische Leitung obliegt seit 2020 Mike Neuner aus Newel-Kreuzerberg. Neben dem konzertanten Bereich bestreitet der Musikverein F\u00f6hren seine Auftritte und Konzerte im Unterhaltungsbereich sowie als Begleiter vielerlei Veranstaltungen der Gemeinde F\u00f6hren als auch der Pfarrei St. Bartholom\u00e4us F\u00f6hren.<\/p>\n","protected":false},"author":1,"featured_media":0,"parent":4,"menu_order":2,"comment_status":"closed","ping_status":"closed","template":"","meta":{"footnotes":""},"class_list":["post-47","page","type-page","status-publish","hentry"],"_links":{"self":[{"href":"https:\/\/mv-foehren.de\/wordpress\/index.php?rest_route=\/wp\/v2\/pages\/47","targetHints":{"allow":["GET"]}}],"collection":[{"href":"https:\/\/mv-foehren.de\/wordpress\/index.php?rest_route=\/wp\/v2\/pages"}],"about":[{"href":"https:\/\/mv-foehren.de\/wordpress\/index.php?rest_route=\/wp\/v2\/types\/page"}],"author":[{"embeddable":true,"href":"https:\/\/mv-foehren.de\/wordpress\/index.php?rest_route=\/wp\/v2\/users\/1"}],"replies":[{"embeddable":true,"href":"https:\/\/mv-foehren.de\/wordpress\/index.php?rest_route=%2Fwp%2Fv2%2Fcomments&post=47"}],"version-history":[{"count":14,"href":"https:\/\/mv-foehren.de\/wordpress\/index.php?rest_route=\/wp\/v2\/pages\/47\/revisions"}],"predecessor-version":[{"id":1628,"href":"https:\/\/mv-foehren.de\/wordpress\/index.php?rest_route=\/wp\/v2\/pages\/47\/revisions\/1628"}],"up":[{"embeddable":true,"href":"https:\/\/mv-foehren.de\/wordpress\/index.php?rest_route=\/wp\/v2\/pages\/4"}],"wp:attachment":[{"href":"https:\/\/mv-foehren.de\/wordpress\/index.php?rest_route=%2Fwp%2Fv2%2Fmedia&parent=47"}],"curies":[{"name":"wp","href":"https:\/\/api.w.org\/{rel}","templated":true}]}}