{"id":49,"date":"2014-05-14T18:31:40","date_gmt":"2014-05-14T16:31:40","guid":{"rendered":"http:\/\/mv-foehren.de\/wordpress\/?page_id=49"},"modified":"2024-01-24T19:22:07","modified_gmt":"2024-01-24T17:22:07","slug":"der-dirigent","status":"publish","type":"page","link":"https:\/\/mv-foehren.de\/wordpress\/?page_id=49","title":{"rendered":"Dirigent"},"content":{"rendered":"<div class=\"wp-block-image is-style-rounded\">\n<figure class=\"aligncenter size-medium\"><a href=\"https:\/\/mv-foehren.de\/wordpress\/wp-content\/uploads\/2024\/01\/mike.jpg\"><img fetchpriority=\"high\" decoding=\"async\" width=\"250\" height=\"300\" src=\"https:\/\/mv-foehren.de\/wordpress\/wp-content\/uploads\/2024\/01\/mike-250x300.jpg\" alt=\"\" class=\"wp-image-1597\" srcset=\"https:\/\/mv-foehren.de\/wordpress\/wp-content\/uploads\/2024\/01\/mike-250x300.jpg 250w, https:\/\/mv-foehren.de\/wordpress\/wp-content\/uploads\/2024\/01\/mike-855x1024.jpg 855w, https:\/\/mv-foehren.de\/wordpress\/wp-content\/uploads\/2024\/01\/mike-768x920.jpg 768w, https:\/\/mv-foehren.de\/wordpress\/wp-content\/uploads\/2024\/01\/mike-1140x1365.jpg 1140w, https:\/\/mv-foehren.de\/wordpress\/wp-content\/uploads\/2024\/01\/mike.jpg 1224w\" sizes=\"(max-width: 250px) 100vw, 250px\" \/><\/a><\/figure>\n<\/div>\n\n<p><span class=\"content\"><span class=\"content\">Seit 01. Februar 2020 hat der Musikverein F\u00f6hren einen neuen Dirigenten &#8211; Mike Neuner aus Newel-Kreuzerberg.<\/span><\/span><\/p>\n<p>Mike Neuner begann seine musikalische Laufbahn mit 7 Jahren an der Orgel. Mit 13 Jahren erhielt er seinen ersten Tuba-Unterricht.<\/p>\n<p>An der Musikschule Mannheim spielte er im Sinfonischen Jugendblasorchester (SJBO \u2013 heute Mannheimer Bl\u00e4serphilharmonie), im Jungen Blechbl\u00e4ser-Ensemble (JBBE), sowie im Jugend-Sinfonieorchester Mannheim.<\/p>\n<p>Nach seinem Grundwehrdienst als 1. Tubist beim Heeresmusikkorps 5 nahm er sein Musikstudium in Mannheim &#8211; sp\u00e4ter in K\u00f6ln &#8211; auf, wo er auch sein Diplom erhielt.<\/p>\n<p>Gleichzeitig begann er als st\u00e4ndige Aushilfe am Mannheimer Theater sowie als Aushilfe in Orchestern im deutschsprachigen Raum von Bremen bis in die Schweiz mitzuwirken.<\/p>\n<p>Bereits im zweiten Semester erhielt er an der Mannheimer Musikschule einen Lehrauftrag f\u00fcr tiefes Blech und sp\u00e4ter auch als stellvertretender Leiter des SJBO. Hier unterrichtet er seit 1992 als Lehrkraft und baute dort erfolgreich eine Tuba- &amp; Euphonium-Klasse auf.<\/p>\n<p>\u00dcber seine T\u00e4tigkeit als Dirigent verschiedener Musikvereine kam er zum KMV Bad D\u00fcrkheim \u2013 Neustadt (heute KMV Deutsche Weinstra\u00dfe), wo er \u00fcber viele Jahre Kreisjugendmusikleiter und auch Kreisdirigent war. Er gr\u00fcndete und leitete das dortige Kreis-Jugend-Blasorchester.<\/p>\n<p>1999 gr\u00fcndete er die Rhein-Neckar-Brassband, die er bis 2006 dirigierte und spielte lange Zeit im Ensemble \u201eSplendid Brass\u201c mit.<\/p>\n<p>Als Dozent war bzw. ist er in verschiedensten Musikverb\u00e4nden aktiv. Unter anderem war er viele Jahre Dozent beim Landes-Jugend-Blasorchester Rheinland-Pfalz und der Brassband des S\u00e4chsischen Blasmusikverbandes.<\/p>\n<p>Daneben nahm er immer wieder Unterricht, und besuchte Fortbildungen und Seminare f\u00fcr Tuba\/Euphonium und Bl\u00e4serdirigat unter anderem bei Stefan Fritzen, David Glidden, Alfred Gro\u00df, Felix Hauswirth (CH), Moti Miron, Paul Ebbers (USA), Timothy Reynish (GB), Philip Sparke (GB), Kunihiro Ochi, Jon Sass (A), Pirmin Hodel (CH) und Stefan Grefig.<\/p>","protected":false},"excerpt":{"rendered":"<p>Seit 01. Februar 2020 hat der Musikverein F\u00f6hren einen neuen Dirigenten &#8211; Mike Neuner aus Newel-Kreuzerberg. Mike Neuner begann seine musikalische Laufbahn mit 7 Jahren an der Orgel. Mit 13 Jahren erhielt er seinen ersten Tuba-Unterricht. An der Musikschule Mannheim spielte er im Sinfonischen Jugendblasorchester (SJBO \u2013 heute Mannheimer Bl\u00e4serphilharmonie), im Jungen Blechbl\u00e4ser-Ensemble (JBBE), sowie im Jugend-Sinfonieorchester Mannheim. Nach seinem Grundwehrdienst als 1. Tubist beim Heeresmusikkorps 5 nahm er sein Musikstudium in Mannheim &#8211; sp\u00e4ter in K\u00f6ln &#8211; auf, wo er auch sein Diplom erhielt. Gleichzeitig begann er als st\u00e4ndige Aushilfe am Mannheimer Theater sowie als Aushilfe in Orchestern im deutschsprachigen Raum von Bremen bis in die Schweiz mitzuwirken. Bereits im zweiten Semester erhielt er an der Mannheimer Musikschule einen Lehrauftrag f\u00fcr tiefes Blech und sp\u00e4ter auch als stellvertretender Leiter des SJBO. Hier unterrichtet er seit 1992 als Lehrkraft und baute dort erfolgreich eine Tuba- &amp; Euphonium-Klasse auf. \u00dcber seine T\u00e4tigkeit als Dirigent verschiedener Musikvereine kam er zum KMV Bad D\u00fcrkheim \u2013 Neustadt (heute KMV Deutsche Weinstra\u00dfe), wo er \u00fcber viele Jahre Kreisjugendmusikleiter und auch Kreisdirigent war. Er gr\u00fcndete und leitete das dortige Kreis-Jugend-Blasorchester. 1999 gr\u00fcndete er die Rhein-Neckar-Brassband, die er bis 2006 dirigierte und spielte lange Zeit im Ensemble \u201eSplendid Brass\u201c mit. Als Dozent war bzw. ist er in verschiedensten Musikverb\u00e4nden aktiv. Unter anderem war er viele Jahre Dozent beim Landes-Jugend-Blasorchester Rheinland-Pfalz und der Brassband des S\u00e4chsischen Blasmusikverbandes. Daneben nahm er immer wieder Unterricht, und besuchte Fortbildungen und Seminare f\u00fcr Tuba\/Euphonium und Bl\u00e4serdirigat unter anderem bei Stefan Fritzen, David Glidden, Alfred Gro\u00df, Felix Hauswirth (CH), Moti Miron, Paul Ebbers (USA), Timothy Reynish (GB), Philip Sparke (GB), Kunihiro Ochi, Jon Sass (A), Pirmin Hodel (CH) und Stefan Grefig.<\/p>\n","protected":false},"author":1,"featured_media":0,"parent":4,"menu_order":1,"comment_status":"closed","ping_status":"closed","template":"","meta":{"footnotes":""},"class_list":["post-49","page","type-page","status-publish","hentry"],"_links":{"self":[{"href":"https:\/\/mv-foehren.de\/wordpress\/index.php?rest_route=\/wp\/v2\/pages\/49","targetHints":{"allow":["GET"]}}],"collection":[{"href":"https:\/\/mv-foehren.de\/wordpress\/index.php?rest_route=\/wp\/v2\/pages"}],"about":[{"href":"https:\/\/mv-foehren.de\/wordpress\/index.php?rest_route=\/wp\/v2\/types\/page"}],"author":[{"embeddable":true,"href":"https:\/\/mv-foehren.de\/wordpress\/index.php?rest_route=\/wp\/v2\/users\/1"}],"replies":[{"embeddable":true,"href":"https:\/\/mv-foehren.de\/wordpress\/index.php?rest_route=%2Fwp%2Fv2%2Fcomments&post=49"}],"version-history":[{"count":13,"href":"https:\/\/mv-foehren.de\/wordpress\/index.php?rest_route=\/wp\/v2\/pages\/49\/revisions"}],"predecessor-version":[{"id":1598,"href":"https:\/\/mv-foehren.de\/wordpress\/index.php?rest_route=\/wp\/v2\/pages\/49\/revisions\/1598"}],"up":[{"embeddable":true,"href":"https:\/\/mv-foehren.de\/wordpress\/index.php?rest_route=\/wp\/v2\/pages\/4"}],"wp:attachment":[{"href":"https:\/\/mv-foehren.de\/wordpress\/index.php?rest_route=%2Fwp%2Fv2%2Fmedia&parent=49"}],"curies":[{"name":"wp","href":"https:\/\/api.w.org\/{rel}","templated":true}]}}