{"id":52,"date":"2014-05-14T18:33:25","date_gmt":"2014-05-14T16:33:25","guid":{"rendered":"http:\/\/mv-foehren.de\/wordpress\/?page_id=52"},"modified":"2025-08-14T18:08:35","modified_gmt":"2025-08-14T16:08:35","slug":"foerderverein","status":"publish","type":"page","link":"https:\/\/mv-foehren.de\/wordpress\/?page_id=52","title":{"rendered":"F\u00f6rderverein"},"content":{"rendered":"<p>Im Jahr 1997 wurde der F\u00f6rderverein des Musikvereins gegr\u00fcndet. Dieser verfolgt das Ziel, den Musikverein F\u00f6hren in der Verwirklichung seiner kulturellen Ziele bestm\u00f6glich zu unterst\u00fctzen.<\/p>\n<p>Dies geschieht sowohl durch Akquise von Spenden und Sponsorenunterst\u00fctzung, als auch durch Durchf\u00fchrung diverser Veranstaltungen zu Gunsten des Musikvereins F\u00f6hren.<\/p>\n<p>Unterst\u00fctzen auch Sie den Musikverein durch Ihre Mitgliedschaft und zeigen Sie so Ihre Verbundenheit zum Musikverein F\u00f6hren.<\/p>\n<h4>Kontakt<\/h4>\n<p>Lukas M\u00fcller (In der Acht 37, 54343 F\u00f6hren) oder per E-Mail \u00fcber das <a title=\"Kontakt zum MV\" href=\"http:\/\/mv-foehren.de\/wordpress\/?page_id=41\">Kontaktformular<\/a><\/p>\n","protected":false},"excerpt":{"rendered":"<p>Im Jahr 1997 wurde der F\u00f6rderverein des Musikvereins gegr\u00fcndet. Dieser verfolgt das Ziel, den Musikverein F\u00f6hren in der Verwirklichung seiner kulturellen Ziele bestm\u00f6glich zu unterst\u00fctzen. Dies geschieht sowohl durch Akquise von Spenden und Sponsorenunterst\u00fctzung, als auch durch Durchf\u00fchrung diverser Veranstaltungen zu Gunsten des Musikvereins F\u00f6hren. Unterst\u00fctzen auch Sie den Musikverein durch Ihre Mitgliedschaft und zeigen Sie so Ihre Verbundenheit zum Musikverein F\u00f6hren. Kontakt Lukas M\u00fcller (In der Acht 37, 54343 F\u00f6hren) oder per E-Mail \u00fcber das Kontaktformular<\/p>\n","protected":false},"author":1,"featured_media":0,"parent":336,"menu_order":16,"comment_status":"closed","ping_status":"closed","template":"","meta":{"footnotes":""},"class_list":["post-52","page","type-page","status-publish","hentry"],"_links":{"self":[{"href":"https:\/\/mv-foehren.de\/wordpress\/index.php?rest_route=\/wp\/v2\/pages\/52","targetHints":{"allow":["GET"]}}],"collection":[{"href":"https:\/\/mv-foehren.de\/wordpress\/index.php?rest_route=\/wp\/v2\/pages"}],"about":[{"href":"https:\/\/mv-foehren.de\/wordpress\/index.php?rest_route=\/wp\/v2\/types\/page"}],"author":[{"embeddable":true,"href":"https:\/\/mv-foehren.de\/wordpress\/index.php?rest_route=\/wp\/v2\/users\/1"}],"replies":[{"embeddable":true,"href":"https:\/\/mv-foehren.de\/wordpress\/index.php?rest_route=%2Fwp%2Fv2%2Fcomments&post=52"}],"version-history":[{"count":8,"href":"https:\/\/mv-foehren.de\/wordpress\/index.php?rest_route=\/wp\/v2\/pages\/52\/revisions"}],"predecessor-version":[{"id":1871,"href":"https:\/\/mv-foehren.de\/wordpress\/index.php?rest_route=\/wp\/v2\/pages\/52\/revisions\/1871"}],"up":[{"embeddable":true,"href":"https:\/\/mv-foehren.de\/wordpress\/index.php?rest_route=\/wp\/v2\/pages\/336"}],"wp:attachment":[{"href":"https:\/\/mv-foehren.de\/wordpress\/index.php?rest_route=%2Fwp%2Fv2%2Fmedia&parent=52"}],"curies":[{"name":"wp","href":"https:\/\/api.w.org\/{rel}","templated":true}]}}