{"id":538,"date":"2020-11-27T15:31:42","date_gmt":"2020-11-27T13:31:42","guid":{"rendered":"http:\/\/mv-foehren.de\/wordpress\/?page_id=538"},"modified":"2024-02-18T19:50:04","modified_gmt":"2024-02-18T17:50:04","slug":"das-miniorchester","status":"publish","type":"page","link":"https:\/\/mv-foehren.de\/wordpress\/?page_id=538","title":{"rendered":"Vororchester"},"content":{"rendered":"<div class=\"wp-block-image\">\n<figure class=\"aligncenter size-large\"><a href=\"https:\/\/mv-foehren.de\/wordpress\/wp-content\/uploads\/2024\/02\/MO-Schlossakkorde-23.png\"><img fetchpriority=\"high\" decoding=\"async\" width=\"1024\" height=\"647\" src=\"https:\/\/mv-foehren.de\/wordpress\/wp-content\/uploads\/2024\/02\/MO-Schlossakkorde-23-1024x647.png\" alt=\"\" class=\"wp-image-1641\" srcset=\"https:\/\/mv-foehren.de\/wordpress\/wp-content\/uploads\/2024\/02\/MO-Schlossakkorde-23-1024x647.png 1024w, https:\/\/mv-foehren.de\/wordpress\/wp-content\/uploads\/2024\/02\/MO-Schlossakkorde-23-300x190.png 300w, https:\/\/mv-foehren.de\/wordpress\/wp-content\/uploads\/2024\/02\/MO-Schlossakkorde-23-768x485.png 768w, https:\/\/mv-foehren.de\/wordpress\/wp-content\/uploads\/2024\/02\/MO-Schlossakkorde-23-1536x970.png 1536w, https:\/\/mv-foehren.de\/wordpress\/wp-content\/uploads\/2024\/02\/MO-Schlossakkorde-23-2048x1294.png 2048w, https:\/\/mv-foehren.de\/wordpress\/wp-content\/uploads\/2024\/02\/MO-Schlossakkorde-23-1140x720.png 1140w\" sizes=\"(max-width: 1024px) 100vw, 1024px\" \/><\/a><figcaption class=\"wp-element-caption\">Das Vororchester mit Dirigent Timo Mattes bei den Schlossakkorden 2023<\/figcaption><\/figure>\n<\/div>\n\n\n<p>Unser Vororchester richtet sich an junge Musikerinnen und Musiker nach ca. zwei Jahren Instrumentalunterricht. Hier wird Filmmusik, aktuelle Hits und Originalwerke f\u00fcr junge Orchester einge\u00fcbt. Die Erfahrungen aus dem Miniorchester dienen als Grundlage f\u00fcr den weiteren Ausbau der F\u00e4higkeiten und das gemeinsame Musizieren in der Gruppe.<\/p>\n\n\n\n<p>Aktuell besteht das Vororchester aus elf Spielenden.<\/p>\n\n\n\n<p><strong>Probe<\/strong>: montags, 18 Uhr bis 19 Uhr im B\u00fcrger- und Vereinsheim<\/p>\n\n\n\n<p><strong>Musikalische Leitung:<\/strong> Robin Kr\u00e4mer<\/p>\n","protected":false},"excerpt":{"rendered":"<p>Unser Vororchester richtet sich an junge Musikerinnen und Musiker nach ca. zwei Jahren Instrumentalunterricht. Hier wird Filmmusik, aktuelle Hits und Originalwerke f\u00fcr junge Orchester einge\u00fcbt. Die Erfahrungen aus dem Miniorchester dienen als Grundlage f\u00fcr den weiteren Ausbau der F\u00e4higkeiten und das gemeinsame Musizieren in der Gruppe. Aktuell besteht das Vororchester aus elf Spielenden. Probe: montags, 18 Uhr bis 19 Uhr im B\u00fcrger- und Vereinsheim Musikalische Leitung: Robin Kr\u00e4mer<\/p>\n","protected":false},"author":17,"featured_media":0,"parent":4,"menu_order":4,"comment_status":"closed","ping_status":"closed","template":"","meta":{"footnotes":""},"class_list":["post-538","page","type-page","status-publish","hentry"],"_links":{"self":[{"href":"https:\/\/mv-foehren.de\/wordpress\/index.php?rest_route=\/wp\/v2\/pages\/538","targetHints":{"allow":["GET"]}}],"collection":[{"href":"https:\/\/mv-foehren.de\/wordpress\/index.php?rest_route=\/wp\/v2\/pages"}],"about":[{"href":"https:\/\/mv-foehren.de\/wordpress\/index.php?rest_route=\/wp\/v2\/types\/page"}],"author":[{"embeddable":true,"href":"https:\/\/mv-foehren.de\/wordpress\/index.php?rest_route=\/wp\/v2\/users\/17"}],"replies":[{"embeddable":true,"href":"https:\/\/mv-foehren.de\/wordpress\/index.php?rest_route=%2Fwp%2Fv2%2Fcomments&post=538"}],"version-history":[{"count":10,"href":"https:\/\/mv-foehren.de\/wordpress\/index.php?rest_route=\/wp\/v2\/pages\/538\/revisions"}],"predecessor-version":[{"id":1643,"href":"https:\/\/mv-foehren.de\/wordpress\/index.php?rest_route=\/wp\/v2\/pages\/538\/revisions\/1643"}],"up":[{"embeddable":true,"href":"https:\/\/mv-foehren.de\/wordpress\/index.php?rest_route=\/wp\/v2\/pages\/4"}],"wp:attachment":[{"href":"https:\/\/mv-foehren.de\/wordpress\/index.php?rest_route=%2Fwp%2Fv2%2Fmedia&parent=538"}],"curies":[{"name":"wp","href":"https:\/\/api.w.org\/{rel}","templated":true}]}}