{"id":580,"date":"2020-11-27T19:47:04","date_gmt":"2020-11-27T17:47:04","guid":{"rendered":"http:\/\/mv-foehren.de\/wordpress\/?page_id=580"},"modified":"2023-08-31T15:41:57","modified_gmt":"2023-08-31T13:41:57","slug":"adventskalender-2020","status":"archive","type":"page","link":"https:\/\/mv-foehren.de\/wordpress\/?page_id=580","title":{"rendered":"Adventskalender 2020"},"content":{"rendered":"\n<p>Liebe Musikerinnen und Musiker,<\/p>\n\n\n\n<p>es blaut die Nacht, die Sternlein blinken,                                      Schneefl\u00f6cklein leis herniedersinken.                                                                  Auf Edelt\u00e4nnleins gr\u00fcnem Wipfel,                                                                           h\u00e4uft sich ein kleiner wei\u00dfer Zipfel.                                                                     Und dort, von Ferne her durchbricht,                                                                          den dunklen Tann ein helles Licht.<\/p>\n\n\n\n<p>In diesem Sinne w\u00fcnschen wir, der Vorstand, euch eine besinnliche Adventszeit und viel Vergn\u00fcgen mit dem Adventskalender.<\/p>\n\n\n\n<figure class=\"wp-block-image\"><img decoding=\"async\" src=\"https:\/\/3c.gmx.net\/mail\/client\/attachment\/view\/tmai164770939b901a45\/aW1hZ2UwMDMucG5nQDAxRDZCQUI1LjdEMzhDRTEw;jsessionid=F8571D19EEBD99F121495FB5E8315BDC-n3.bs21b\" alt=\"QR-Code f\u00fcr dieses Padlet\"\/><\/figure>\n\n\n\n<p><a href=\"https:\/\/padlet.com\/danielakonz\/96ahtlk1b5mzkgtg\">Digitaler Adventskalender MV F\u00f6hren 2020<\/a><\/p>\n","protected":false},"excerpt":{"rendered":"<p>Liebe Musikerinnen und Musiker, es blaut die Nacht, die Sternlein blinken, Schneefl\u00f6cklein leis herniedersinken. Auf Edelt\u00e4nnleins gr\u00fcnem Wipfel, h\u00e4uft sich ein kleiner wei\u00dfer Zipfel. Und dort, von Ferne her durchbricht, den dunklen Tann ein helles Licht. In diesem Sinne w\u00fcnschen wir, der Vorstand, euch eine besinnliche Adventszeit und viel Vergn\u00fcgen mit dem Adventskalender. Digitaler Adventskalender MV F\u00f6hren 2020<\/p>\n","protected":false},"author":17,"featured_media":0,"parent":560,"menu_order":19,"comment_status":"closed","ping_status":"closed","template":"","meta":{"footnotes":""},"class_list":["post-580","page","type-page","status-archive","hentry"],"_links":{"self":[{"href":"https:\/\/mv-foehren.de\/wordpress\/index.php?rest_route=\/wp\/v2\/pages\/580","targetHints":{"allow":["GET"]}}],"collection":[{"href":"https:\/\/mv-foehren.de\/wordpress\/index.php?rest_route=\/wp\/v2\/pages"}],"about":[{"href":"https:\/\/mv-foehren.de\/wordpress\/index.php?rest_route=\/wp\/v2\/types\/page"}],"author":[{"embeddable":true,"href":"https:\/\/mv-foehren.de\/wordpress\/index.php?rest_route=\/wp\/v2\/users\/17"}],"replies":[{"embeddable":true,"href":"https:\/\/mv-foehren.de\/wordpress\/index.php?rest_route=%2Fwp%2Fv2%2Fcomments&post=580"}],"version-history":[{"count":1,"href":"https:\/\/mv-foehren.de\/wordpress\/index.php?rest_route=\/wp\/v2\/pages\/580\/revisions"}],"predecessor-version":[{"id":581,"href":"https:\/\/mv-foehren.de\/wordpress\/index.php?rest_route=\/wp\/v2\/pages\/580\/revisions\/581"}],"up":[{"embeddable":true,"href":"https:\/\/mv-foehren.de\/wordpress\/index.php?rest_route=\/wp\/v2\/pages\/560"}],"wp:attachment":[{"href":"https:\/\/mv-foehren.de\/wordpress\/index.php?rest_route=%2Fwp%2Fv2%2Fmedia&parent=580"}],"curies":[{"name":"wp","href":"https:\/\/api.w.org\/{rel}","templated":true}]}}