{"id":584,"date":"2020-11-29T16:38:04","date_gmt":"2020-11-29T14:38:04","guid":{"rendered":"http:\/\/mv-foehren.de\/wordpress\/?page_id=584"},"modified":"2023-03-27T19:35:33","modified_gmt":"2023-03-27T17:35:33","slug":"blockfloetengruppe","status":"publish","type":"page","link":"https:\/\/mv-foehren.de\/wordpress\/?page_id=584","title":{"rendered":"Blockfl\u00f6tengruppe"},"content":{"rendered":"\n<p>Der Blockfl\u00f6tenunterricht bietet Kindern <strong>ab 5 Jahren<\/strong> einen idealen Einstieg in die musikalische Grundausbildung. In Gruppenunterrichten lernen die jungen Musikerinnen und Musiker spielerisch den Umgang mit Noten und Rhythmus und erlangen erste Erfahrungen im Zusammenspiel mit anderen.<\/p>\n\n\n\n<p>Besonders erfreulich ist die aktuelle Kooperation mit der Grundschule F\u00f6hren, in der die Blockfl\u00f6tengruppen aus Sch\u00fclerinnen und Sch\u00fclern der Schule besteht. Dadurch wird den Kindern eine noch gr\u00f6\u00dfere Vielfalt an musikalischen Angeboten geboten und der Musikverein kann seine Expertise im Bereich der musikalischen Ausbildung weiter ausbauen.<\/p>\n","protected":false},"excerpt":{"rendered":"<p>Der Blockfl\u00f6tenunterricht bietet Kindern ab 5 Jahren einen idealen Einstieg in die musikalische Grundausbildung. In Gruppenunterrichten lernen die jungen Musikerinnen und Musiker spielerisch den Umgang mit Noten und Rhythmus und erlangen erste Erfahrungen im Zusammenspiel mit anderen. Besonders erfreulich ist die aktuelle Kooperation mit der Grundschule F\u00f6hren, in der die Blockfl\u00f6tengruppen aus Sch\u00fclerinnen und Sch\u00fclern der Schule besteht. Dadurch wird den Kindern eine noch gr\u00f6\u00dfere Vielfalt an musikalischen Angeboten geboten und der Musikverein kann seine Expertise im Bereich der musikalischen Ausbildung weiter ausbauen.<\/p>\n","protected":false},"author":17,"featured_media":0,"parent":347,"menu_order":9,"comment_status":"closed","ping_status":"closed","template":"","meta":{"footnotes":""},"class_list":["post-584","page","type-page","status-publish","hentry"],"_links":{"self":[{"href":"https:\/\/mv-foehren.de\/wordpress\/index.php?rest_route=\/wp\/v2\/pages\/584","targetHints":{"allow":["GET"]}}],"collection":[{"href":"https:\/\/mv-foehren.de\/wordpress\/index.php?rest_route=\/wp\/v2\/pages"}],"about":[{"href":"https:\/\/mv-foehren.de\/wordpress\/index.php?rest_route=\/wp\/v2\/types\/page"}],"author":[{"embeddable":true,"href":"https:\/\/mv-foehren.de\/wordpress\/index.php?rest_route=\/wp\/v2\/users\/17"}],"replies":[{"embeddable":true,"href":"https:\/\/mv-foehren.de\/wordpress\/index.php?rest_route=%2Fwp%2Fv2%2Fcomments&post=584"}],"version-history":[{"count":4,"href":"https:\/\/mv-foehren.de\/wordpress\/index.php?rest_route=\/wp\/v2\/pages\/584\/revisions"}],"predecessor-version":[{"id":1299,"href":"https:\/\/mv-foehren.de\/wordpress\/index.php?rest_route=\/wp\/v2\/pages\/584\/revisions\/1299"}],"up":[{"embeddable":true,"href":"https:\/\/mv-foehren.de\/wordpress\/index.php?rest_route=\/wp\/v2\/pages\/347"}],"wp:attachment":[{"href":"https:\/\/mv-foehren.de\/wordpress\/index.php?rest_route=%2Fwp%2Fv2%2Fmedia&parent=584"}],"curies":[{"name":"wp","href":"https:\/\/api.w.org\/{rel}","templated":true}]}}