{"id":588,"date":"2020-11-29T16:41:38","date_gmt":"2020-11-29T14:41:38","guid":{"rendered":"http:\/\/mv-foehren.de\/wordpress\/?page_id=588"},"modified":"2023-03-12T15:28:05","modified_gmt":"2023-03-12T13:28:05","slug":"einzelunterricht","status":"publish","type":"page","link":"https:\/\/mv-foehren.de\/wordpress\/?page_id=588","title":{"rendered":"Einzelunterricht"},"content":{"rendered":"\n<p>Der musikalische Einzelunterricht am gew\u00e4hlten Instrument bietet den Jugendlichen eine individuelle F\u00f6rderung und Unterst\u00fctzung in ihrer musikalischen Entwicklung. Ab <strong>ca. 9 Jahren<\/strong> haben sie die M\u00f6glichkeit, ein Holz- oder Blechinstrument oder das Schlagzeug zu erlernen. Dabei wird auf die individuellen F\u00e4higkeiten und Bed\u00fcrfnisse jedes Einzelnen eingegangen und das musikalische K\u00f6nnen gezielt gef\u00f6rdert. <\/p>\n\n\n\n<p>Wir bieten Einzelunterricht an folgenden Instrumenten an:<\/p>\n\n\n\n<ul class=\"wp-block-list\">\n<li><strong>Holzblasinstrumente<\/strong>: Querfl\u00f6te, Oboe, Klarinette, Saxofon, Fagott<\/li>\n\n\n\n<li><strong>Blechblasinstrumente<\/strong>: Trompete, Horn, Posaune, Euphonium, Tuba<\/li>\n\n\n\n<li><strong>Schlagzeug<\/strong><\/li>\n<\/ul>\n\n\n\n<p>Der Unterricht wird in Kooperation mit den Kreismusikschulen Trier-Saarburg und Bernkastel-Wittlich durchgef\u00fchrt, wodurch den Sch\u00fclerinnen und Sch\u00fclern durch erfahrene Musikp\u00e4dagoginnen und Muisikp\u00e4dagogen eine fundierte musikalische Ausbildung gew\u00e4hrleistet wird.<\/p>\n\n\n\n<p>Informationsveranstaltungen wie der Jugendmusiktag oder Jugendinfotage an der Grundschule bieten den Interessierten einen Einblick in die verschiedenen Instrumente und den musikalischen Einzelunterricht.<\/p>\n\n\n\n<p>Wir beraten gerne zur Instrumentenauswahl, Unterricht, sowie Finanzierung und stehen bei weiteren Fragen zur Verf\u00fcgung. Nimm gerne hierzu <a href=\"http:\/\/mv-foehren.de\/wordpress\/?page_id=41\">Kontakt<\/a> mit uns auf!<\/p>\n","protected":false},"excerpt":{"rendered":"<p>Der musikalische Einzelunterricht am gew\u00e4hlten Instrument bietet den Jugendlichen eine individuelle F\u00f6rderung und Unterst\u00fctzung in ihrer musikalischen Entwicklung. Ab ca. 9 Jahren haben sie die M\u00f6glichkeit, ein Holz- oder Blechinstrument oder das Schlagzeug zu erlernen. Dabei wird auf die individuellen F\u00e4higkeiten und Bed\u00fcrfnisse jedes Einzelnen eingegangen und das musikalische K\u00f6nnen gezielt gef\u00f6rdert. Wir bieten Einzelunterricht an folgenden Instrumenten an: Der Unterricht wird in Kooperation mit den Kreismusikschulen Trier-Saarburg und Bernkastel-Wittlich durchgef\u00fchrt, wodurch den Sch\u00fclerinnen und Sch\u00fclern durch erfahrene Musikp\u00e4dagoginnen und Muisikp\u00e4dagogen eine fundierte musikalische Ausbildung gew\u00e4hrleistet wird. Informationsveranstaltungen wie der Jugendmusiktag oder Jugendinfotage an der Grundschule bieten den Interessierten einen Einblick in die verschiedenen Instrumente und den musikalischen Einzelunterricht. Wir beraten gerne zur Instrumentenauswahl, Unterricht, sowie Finanzierung und stehen bei weiteren Fragen zur Verf\u00fcgung. Nimm gerne hierzu Kontakt mit uns auf!<\/p>\n","protected":false},"author":17,"featured_media":0,"parent":347,"menu_order":10,"comment_status":"closed","ping_status":"closed","template":"","meta":{"footnotes":""},"class_list":["post-588","page","type-page","status-publish","hentry"],"_links":{"self":[{"href":"https:\/\/mv-foehren.de\/wordpress\/index.php?rest_route=\/wp\/v2\/pages\/588","targetHints":{"allow":["GET"]}}],"collection":[{"href":"https:\/\/mv-foehren.de\/wordpress\/index.php?rest_route=\/wp\/v2\/pages"}],"about":[{"href":"https:\/\/mv-foehren.de\/wordpress\/index.php?rest_route=\/wp\/v2\/types\/page"}],"author":[{"embeddable":true,"href":"https:\/\/mv-foehren.de\/wordpress\/index.php?rest_route=\/wp\/v2\/users\/17"}],"replies":[{"embeddable":true,"href":"https:\/\/mv-foehren.de\/wordpress\/index.php?rest_route=%2Fwp%2Fv2%2Fcomments&post=588"}],"version-history":[{"count":2,"href":"https:\/\/mv-foehren.de\/wordpress\/index.php?rest_route=\/wp\/v2\/pages\/588\/revisions"}],"predecessor-version":[{"id":1264,"href":"https:\/\/mv-foehren.de\/wordpress\/index.php?rest_route=\/wp\/v2\/pages\/588\/revisions\/1264"}],"up":[{"embeddable":true,"href":"https:\/\/mv-foehren.de\/wordpress\/index.php?rest_route=\/wp\/v2\/pages\/347"}],"wp:attachment":[{"href":"https:\/\/mv-foehren.de\/wordpress\/index.php?rest_route=%2Fwp%2Fv2%2Fmedia&parent=588"}],"curies":[{"name":"wp","href":"https:\/\/api.w.org\/{rel}","templated":true}]}}