{"id":676,"date":"2021-03-10T07:43:45","date_gmt":"2021-03-10T05:43:45","guid":{"rendered":"https:\/\/mv-foehren.de\/wordpress\/?page_id=676"},"modified":"2023-03-12T23:24:04","modified_gmt":"2023-03-12T21:24:04","slug":"jugend","status":"publish","type":"page","link":"https:\/\/mv-foehren.de\/wordpress\/?page_id=676","title":{"rendered":"Jugend"},"content":{"rendered":"\n<p>Als Musikverein bieten wir nicht nur musikalische Unterhaltung, sondern auch die M\u00f6glichkeit f\u00fcr Jugendliche, sich in der Musikwelt auszuprobieren und zu wachsen. Denn die Jugendlichen sind das Herzst\u00fcck des Vereins und ihre Teilnahme ist von gro\u00dfer Bedeutung f\u00fcr den Erfolg und die Zukunft des Vereins.<\/p>\n\n\n\n<p>Daher stellen wir eine Vielzahl an M\u00f6glichkeiten f\u00fcr junge Menschen bereit, sich musikalisch zu engagieren. So k\u00f6nnen sie beispielsweise ein Instrument erlernen und im Laufe ihrer Ausbildung in den verschiedenen Orchestern des Vereins spielen. Auch das Zusammenspiel mit erfahrenen Musikern des Vereins ist eine wertvolle Erfahrung f\u00fcr Jugendliche, da sie von deren Know-how und Erfahrung profitieren k\u00f6nnen.<\/p>\n\n\n\n<p><\/p>\n\n\n\n<p>Die Mitgliedschaft im Musikverein kann f\u00fcr Jugendliche viele Vorteile haben. Sie lernen nicht nur ein Instrument spielen, sondern auch wichtige soziale Kompetenzen wie Teamarbeit, Durchhalteverm\u00f6gen und Konzentration. Au\u00dferdem f\u00f6rdert das Musizieren das Selbstbewusstsein und die Kreativit\u00e4t.<\/p>\n\n\n\n<p><\/p>\n\n\n\n<p>Wir legen jedoch nicht nur sehr viel Wert auf die Ausbildung unserer jungen Musikerinnen und Musiker, sondern auch auf au\u00dfermusikalische Aktivit\u00e4ten. Hierzu z\u00e4hlen wir unsere vielen Freizeit- und auch Ferienaktionen wie<\/p>\n\n\n\n<ul class=\"wp-block-list\">\n<li>Bowlen<\/li>\n\n\n\n<li>Kinobesuche<\/li>\n\n\n\n<li>Film-Abende f\u00fcr Gro\u00df und Klein<\/li>\n\n\n\n<li>Besuche im Kletterpark<\/li>\n\n\n\n<li>Grillfeste<\/li>\n<\/ul>\n\n\n\n<p>Durch die Organsiation der Jugendlichen im Jugend-Orga-Team sind diese Freizeitaktionen von und f\u00fcr Jugendliche geplant und durchgef\u00fchrt und k\u00f6nnen somit ganz individuell umgesetzt werden. Die Jugendlichen lernen somit auch schon fr\u00fch Eigenverantwortung und Engagement in den Verein einzubringen und ihre eigenen Visionen umsetzen zu k\u00f6nnen.<\/p>\n\n\n\n<p><\/p>\n\n\n\n<p>Doch nicht nur f\u00fcr die Jugendlichen hat die Teilnahme am Musikverein Vorteile. Auch f\u00fcr den Verein selbst ist die Jugendarbeit von gro\u00dfer Bedeutung. Denn sie sichert nicht nur den Fortbestand des Vereins, sondern tr\u00e4gt auch zur Vielfalt und Qualit\u00e4t des musikalischen Angebots bei.<\/p>\n\n\n\n<p><\/p>\n\n\n\n<p>Daher rufen wir alle Jugendlichen dazu auf, sich dem Verein anzuschlie\u00dfen und ihre musikalischen F\u00e4higkeiten zu entfalten. Jeder einzelne Beitrag z\u00e4hlt und tr\u00e4gt dazu bei, den Musikverein &#8222;Meulenwald&#8220; F\u00f6hren zu einem noch besseren Ort f\u00fcr Musikbegeisterte zu machen.<\/p>\n","protected":false},"excerpt":{"rendered":"<p>Als Musikverein bieten wir nicht nur musikalische Unterhaltung, sondern auch die M\u00f6glichkeit f\u00fcr Jugendliche, sich in der Musikwelt auszuprobieren und zu wachsen. Denn die Jugendlichen sind das Herzst\u00fcck des Vereins und ihre Teilnahme ist von gro\u00dfer Bedeutung f\u00fcr den Erfolg und die Zukunft des Vereins. Daher stellen wir eine Vielzahl an M\u00f6glichkeiten f\u00fcr junge Menschen bereit, sich musikalisch zu engagieren. So k\u00f6nnen sie beispielsweise ein Instrument erlernen und im Laufe ihrer Ausbildung in den verschiedenen Orchestern des Vereins spielen. Auch das Zusammenspiel mit erfahrenen Musikern des Vereins ist eine wertvolle Erfahrung f\u00fcr Jugendliche, da sie von deren Know-how und Erfahrung profitieren k\u00f6nnen. Die Mitgliedschaft im Musikverein kann f\u00fcr Jugendliche viele Vorteile haben. Sie lernen nicht nur ein Instrument spielen, sondern auch wichtige soziale Kompetenzen wie Teamarbeit, Durchhalteverm\u00f6gen und Konzentration. Au\u00dferdem f\u00f6rdert das Musizieren das Selbstbewusstsein und die Kreativit\u00e4t. Wir legen jedoch nicht nur sehr viel Wert auf die Ausbildung unserer jungen Musikerinnen und Musiker, sondern auch auf au\u00dfermusikalische Aktivit\u00e4ten. Hierzu z\u00e4hlen wir unsere vielen Freizeit- und auch Ferienaktionen wie Durch die Organsiation der Jugendlichen im Jugend-Orga-Team sind diese Freizeitaktionen von und f\u00fcr Jugendliche geplant und durchgef\u00fchrt und k\u00f6nnen somit ganz individuell umgesetzt werden. Die Jugendlichen lernen somit auch schon fr\u00fch Eigenverantwortung und Engagement in den Verein einzubringen und ihre eigenen Visionen umsetzen zu k\u00f6nnen. Doch nicht nur f\u00fcr die Jugendlichen hat die Teilnahme am Musikverein Vorteile. Auch f\u00fcr den Verein selbst ist die Jugendarbeit von gro\u00dfer Bedeutung. Denn sie sichert nicht nur den Fortbestand des Vereins, sondern tr\u00e4gt auch zur Vielfalt und Qualit\u00e4t des musikalischen Angebots bei. Daher rufen wir alle Jugendlichen dazu auf, sich dem Verein anzuschlie\u00dfen und ihre musikalischen F\u00e4higkeiten zu entfalten. Jeder einzelne Beitrag z\u00e4hlt und tr\u00e4gt dazu bei, den Musikverein &#8222;Meulenwald&#8220; F\u00f6hren zu einem noch besseren Ort f\u00fcr Musikbegeisterte zu machen.<\/p>\n","protected":false},"author":17,"featured_media":0,"parent":0,"menu_order":7,"comment_status":"closed","ping_status":"closed","template":"","meta":{"footnotes":""},"class_list":["post-676","page","type-page","status-publish","hentry"],"_links":{"self":[{"href":"https:\/\/mv-foehren.de\/wordpress\/index.php?rest_route=\/wp\/v2\/pages\/676","targetHints":{"allow":["GET"]}}],"collection":[{"href":"https:\/\/mv-foehren.de\/wordpress\/index.php?rest_route=\/wp\/v2\/pages"}],"about":[{"href":"https:\/\/mv-foehren.de\/wordpress\/index.php?rest_route=\/wp\/v2\/types\/page"}],"author":[{"embeddable":true,"href":"https:\/\/mv-foehren.de\/wordpress\/index.php?rest_route=\/wp\/v2\/users\/17"}],"replies":[{"embeddable":true,"href":"https:\/\/mv-foehren.de\/wordpress\/index.php?rest_route=%2Fwp%2Fv2%2Fcomments&post=676"}],"version-history":[{"count":5,"href":"https:\/\/mv-foehren.de\/wordpress\/index.php?rest_route=\/wp\/v2\/pages\/676\/revisions"}],"predecessor-version":[{"id":1270,"href":"https:\/\/mv-foehren.de\/wordpress\/index.php?rest_route=\/wp\/v2\/pages\/676\/revisions\/1270"}],"wp:attachment":[{"href":"https:\/\/mv-foehren.de\/wordpress\/index.php?rest_route=%2Fwp%2Fv2%2Fmedia&parent=676"}],"curies":[{"name":"wp","href":"https:\/\/api.w.org\/{rel}","templated":true}]}}