{"id":733,"date":"2021-04-01T00:59:05","date_gmt":"2021-03-31T22:59:05","guid":{"rendered":"https:\/\/mv-foehren.de\/wordpress\/?page_id=733"},"modified":"2023-03-15T21:41:04","modified_gmt":"2023-03-15T19:41:04","slug":"medien","status":"publish","type":"page","link":"https:\/\/mv-foehren.de\/wordpress\/?page_id=733","title":{"rendered":"Medien"},"content":{"rendered":"\n<p>Unter den einzelnen Rubriken ist eine kleine Auswahl an Impressionen vergangener <a href=\"https:\/\/mv-foehren.de\/wordpress\/?page_id=692\" data-type=\"page\" data-id=\"692\">Konzerte<\/a>, <a href=\"https:\/\/mv-foehren.de\/wordpress\/?page_id=284\" data-type=\"page\" data-id=\"284\">Proben<\/a>, sowie <a href=\"http:\/\/Videos\">Videos<\/a> unseres Social Media Teams zu finden.<\/p>\n\n\n\n<p>Dar\u00fcber hinaus stehen unter <a href=\"https:\/\/mv-foehren.de\/wordpress\/?page_id=92\" data-type=\"page\" data-id=\"92\">Downloads<\/a> die Beitrittserkl\u00e4rungen zu unseren verschiedenen Rubriken sowie Audio-Ausz\u00fcge aus unserer CD &#8222;Prisma&#8220; zur Verf\u00fcgung. Reinh\u00f6ren lohnt sich!<\/p>\n","protected":false},"excerpt":{"rendered":"<p>Unter den einzelnen Rubriken ist eine kleine Auswahl an Impressionen vergangener Konzerte, Proben, sowie Videos unseres Social Media Teams zu finden. Dar\u00fcber hinaus stehen unter Downloads die Beitrittserkl\u00e4rungen zu unseren verschiedenen Rubriken sowie Audio-Ausz\u00fcge aus unserer CD &#8222;Prisma&#8220; zur Verf\u00fcgung. Reinh\u00f6ren lohnt sich!<\/p>\n","protected":false},"author":17,"featured_media":0,"parent":0,"menu_order":22,"comment_status":"closed","ping_status":"closed","template":"","meta":{"footnotes":""},"class_list":["post-733","page","type-page","status-publish","hentry"],"_links":{"self":[{"href":"https:\/\/mv-foehren.de\/wordpress\/index.php?rest_route=\/wp\/v2\/pages\/733","targetHints":{"allow":["GET"]}}],"collection":[{"href":"https:\/\/mv-foehren.de\/wordpress\/index.php?rest_route=\/wp\/v2\/pages"}],"about":[{"href":"https:\/\/mv-foehren.de\/wordpress\/index.php?rest_route=\/wp\/v2\/types\/page"}],"author":[{"embeddable":true,"href":"https:\/\/mv-foehren.de\/wordpress\/index.php?rest_route=\/wp\/v2\/users\/17"}],"replies":[{"embeddable":true,"href":"https:\/\/mv-foehren.de\/wordpress\/index.php?rest_route=%2Fwp%2Fv2%2Fcomments&post=733"}],"version-history":[{"count":4,"href":"https:\/\/mv-foehren.de\/wordpress\/index.php?rest_route=\/wp\/v2\/pages\/733\/revisions"}],"predecessor-version":[{"id":1286,"href":"https:\/\/mv-foehren.de\/wordpress\/index.php?rest_route=\/wp\/v2\/pages\/733\/revisions\/1286"}],"wp:attachment":[{"href":"https:\/\/mv-foehren.de\/wordpress\/index.php?rest_route=%2Fwp%2Fv2%2Fmedia&parent=733"}],"curies":[{"name":"wp","href":"https:\/\/api.w.org\/{rel}","templated":true}]}}